{"id":1223,"date":"2024-03-19T13:04:59","date_gmt":"2024-03-19T12:04:59","guid":{"rendered":"https:\/\/lapareechalons.fr\/downloads\/"},"modified":"2026-01-15T12:05:42","modified_gmt":"2026-01-15T11:05:42","slug":"downloads","status":"publish","type":"page","link":"https:\/\/lapareechalons.fr\/nl\/downloads\/","title":{"rendered":"Downloads"},"content":{"rendered":"\n<div class=\"wp-block-stackable-heading stk-block-heading stk-block-heading--v2 stk-block stk-4154e4e\" id=\"nos-documents-a-telecharger\" data-block-id=\"4154e4e\"><style>.stk-4154e4e {max-width:1280px !important;min-width:auto !important;margin-right:auto !important;margin-left:0px !important;}<\/style><h2 class=\"stk-block-heading__text\">Documenten om te downloaden<\/h2><\/div>\n\n\n\n<div class=\"wp-block-stackable-columns stk-block-columns stk-block stk-60cb537\" data-block-id=\"60cb537\"><style>.stk-60cb537 {margin-top:20px !important;}.stk-60cb537-column{justify-content:space-around !important;}<\/style><div class=\"stk-row stk-inner-blocks has-text-align-center stk-block-content stk-content-align stk-60cb537-column stk--flex\">\n<div class=\"wp-block-stackable-column stk-block-column stk-column stk-block stk-7073d5e\" data-v=\"4\" data-block-id=\"7073d5e\"><div class=\"stk-column-wrapper stk-block-column__content stk-container stk-7073d5e-container stk--no-background stk--no-padding\"><div class=\"stk-block-content stk-inner-blocks stk-7073d5e-inner-blocks\">\n<div class=\"wp-block-stackable-columns stk-block-columns stk-block stk-020f914\" data-block-id=\"020f914\"><div class=\"stk-row stk-inner-blocks stk-block-content stk-content-align stk-020f914-column\">\n<div class=\"wp-block-stackable-column stk-block-column stk-column stk-block stk-1b864a6\" data-v=\"4\" data-block-id=\"1b864a6\"><style>.stk-1b864a6-inner-blocks{row-gap:24px !important;}@media screen and (max-width: 767px){.stk-1b864a6 {flex:var(--stk-flex-grow, 1) 1 calc(50% - var(--stk-column-gap, 0px) * 2 \/ 3 ) !important;}}<\/style><div class=\"stk-column-wrapper stk-block-column__content stk-container stk-1b864a6-container stk--no-background stk--no-padding\"><div class=\"stk-block-content stk-inner-blocks stk-1b864a6-inner-blocks\">\n<div class=\"wp-block-stackable-columns stk-block-columns stk-block stk-aca4555\" data-block-id=\"aca4555\"><div class=\"stk-row stk-inner-blocks stk-block-content stk-content-align stk-aca4555-column\">\n<div class=\"wp-block-stackable-column stk-block-column stk-column stk-block stk-f250aba\" data-v=\"4\" data-block-id=\"f250aba\"><style>.stk-f250aba:hover{transform:translateY(-5px) !important;}<\/style><div class=\"stk-column-wrapper stk-block-column__content stk-container stk-f250aba-container stk--no-background stk--no-padding\"><div class=\"stk-block-content stk-inner-blocks stk-f250aba-inner-blocks\">\n<div class=\"wp-block-group bloc-infos-pratiques has-background has-global-padding is-layout-constrained wp-container-core-group-is-layout-c563114c wp-block-group-is-layout-constrained\" style=\"border-radius:10px;background-color:#dfdfdf;min-height:0px;margin-top:0;margin-bottom:0;padding-top:var(--wp--preset--spacing--20);padding-right:0;padding-bottom:var(--wp--preset--spacing--20);padding-left:0\" data-block-type=\"core\">\n<div class=\"wp-block-stackable-image stk-block-image stk-block stk-632355a\" data-block-id=\"632355a\"><style>.stk-632355a {overflow:hidden !important;margin-bottom:0px !important;}.stk-632355a .stk-img-wrapper{height:46px !important;}.stk-632355a .stk-img-wrapper img{object-fit:contain !important;}<\/style><figure><span class=\"stk-img-wrapper stk-image--shape-stretch\"><img loading=\"lazy\" decoding=\"async\" class=\"stk-img wp-image-243\" src=\"https:\/\/lapareechalons.fr\/wp-content\/uploads\/2024\/03\/download.png\" width=\"61\" height=\"46\"\/><\/span><\/figure><\/div>\n\n\n\n<p class=\"has-text-align-center has-small-font-size\" style=\"margin-right:0;margin-left:0\" data-block-type=\"core\">Plattegrond van de<br>camping<\/p>\n<\/div>\n<\/div><a class=\"stk-link stk-block-link stk--transparent-overlay\" href=\"https:\/\/lapareechalons.fr\/wp-content\/uploads\/2025\/02\/plan-2025-Camping-La-Paree-Chalons.pdf\" aria-hidden=\"true\" tabindex=\"-1\" target=\"_blank\" rel=\"noreferrer noopener\"><\/a><\/div><\/div>\n<\/div><\/div>\n\n\n\n<div class=\"wp-block-stackable-columns stk-block-columns stk-block stk-fe9032e\" data-block-id=\"fe9032e\"><div class=\"stk-row stk-inner-blocks stk-block-content stk-content-align stk-fe9032e-column\">\n<div class=\"wp-block-stackable-column stk-block-column stk-column stk-block stk-f00a6b9\" data-v=\"4\" data-block-id=\"f00a6b9\"><style>.stk-f00a6b9:hover{transform:translateY(-5px) !important;}<\/style><div class=\"stk-column-wrapper stk-block-column__content stk-container stk-f00a6b9-container stk--no-background stk--no-padding\"><div class=\"stk-block-content stk-inner-blocks stk-f00a6b9-inner-blocks\">\n<div class=\"wp-block-group bloc-infos-pratiques has-background has-global-padding is-layout-constrained wp-container-core-group-is-layout-c563114c wp-block-group-is-layout-constrained\" style=\"border-radius:10px;background-color:#dfdfdf;min-height:0px;margin-top:0;margin-bottom:0;padding-top:var(--wp--preset--spacing--20);padding-right:0;padding-bottom:var(--wp--preset--spacing--20);padding-left:0\" data-block-type=\"core\">\n<div class=\"wp-block-stackable-image stk-block-image stk-block stk-dc28067\" data-block-id=\"dc28067\"><style>.stk-dc28067 {overflow:hidden !important;margin-bottom:0px !important;}.stk-dc28067 .stk-img-wrapper{height:46px !important;}.stk-dc28067 .stk-img-wrapper img{object-fit:contain !important;}<\/style><figure><span class=\"stk-img-wrapper stk-image--shape-stretch\"><img loading=\"lazy\" decoding=\"async\" class=\"stk-img wp-image-243\" src=\"https:\/\/lapareechalons.fr\/wp-content\/uploads\/2024\/03\/download.png\" width=\"61\" height=\"46\"\/><\/span><\/figure><\/div>\n\n\n\n<p class=\"has-text-align-center has-small-font-size\" style=\"margin-right:var(--wp--preset--spacing--30);margin-left:var(--wp--preset--spacing--30)\" data-block-type=\"core\">Algemene<br>verkoopvoorwaarden<\/p>\n<\/div>\n<\/div><a class=\"stk-link stk-block-link stk--transparent-overlay\" href=\"https:\/\/lapareechalons.fr\/wp-content\/uploads\/2025\/10\/cgv-24-10-2025.pdf\" aria-hidden=\"true\" tabindex=\"-1\" target=\"_blank\" rel=\"noreferrer noopener\"><\/a><\/div><\/div>\n<\/div><\/div>\n<\/div><\/div><\/div>\n\n\n\n<div class=\"wp-block-stackable-column stk-block-column stk-column stk-block stk-152f88e\" data-v=\"4\" data-block-id=\"152f88e\"><style>.stk-152f88e-inner-blocks{row-gap:24px !important;}@media screen and (max-width: 767px){.stk-152f88e {flex:var(--stk-flex-grow, 1) 1 calc(50% - var(--stk-column-gap, 0px) * 2 \/ 3 ) !important;}}<\/style><div class=\"stk-column-wrapper stk-block-column__content stk-container stk-152f88e-container stk--no-background stk--no-padding\"><div class=\"stk-block-content stk-inner-blocks stk-152f88e-inner-blocks\">\n<div class=\"wp-block-stackable-columns stk-block-columns stk-block stk-605c025\" data-block-id=\"605c025\"><div class=\"stk-row stk-inner-blocks stk-block-content stk-content-align stk-605c025-column\">\n<div class=\"wp-block-stackable-column stk-block-column stk-column stk-block stk-911ac15\" data-v=\"4\" data-block-id=\"911ac15\"><style>.stk-911ac15:hover{transform:translateY(-5px) !important;}<\/style><div class=\"stk-column-wrapper stk-block-column__content stk-container stk-911ac15-container stk--no-background stk--no-padding\"><div class=\"stk-block-content stk-inner-blocks stk-911ac15-inner-blocks\">\n<div class=\"wp-block-group bloc-infos-pratiques has-background has-global-padding is-layout-constrained wp-container-core-group-is-layout-c563114c wp-block-group-is-layout-constrained\" style=\"border-radius:10px;background-color:#dfdfdf;min-height:0px;margin-top:0;margin-bottom:0;padding-top:var(--wp--preset--spacing--20);padding-right:0;padding-bottom:var(--wp--preset--spacing--20);padding-left:0\" data-block-type=\"core\">\n<div class=\"wp-block-stackable-image stk-block-image stk-block stk-ff28c62\" data-block-id=\"ff28c62\"><style>.stk-ff28c62 {overflow:hidden !important;margin-bottom:0px !important;}.stk-ff28c62 .stk-img-wrapper{height:46px !important;}.stk-ff28c62 .stk-img-wrapper img{object-fit:contain !important;}<\/style><figure><span class=\"stk-img-wrapper stk-image--shape-stretch\"><img loading=\"lazy\" decoding=\"async\" class=\"stk-img wp-image-243\" src=\"https:\/\/lapareechalons.fr\/wp-content\/uploads\/2024\/03\/download.png\" width=\"61\" height=\"46\"\/><\/span><\/figure><\/div>\n\n\n\n<p class=\"has-text-align-center has-small-font-size\" style=\"margin-right:0;margin-left:0\" data-block-type=\"core\">Notre Dame <br>de Monts<\/p>\n<\/div>\n<\/div><a class=\"stk-link stk-block-link stk--transparent-overlay\" href=\"https:\/\/lapareechalons.fr\/wp-content\/uploads\/2024\/03\/argumentaire-notre-dame-de-monts-1.pdf\" aria-hidden=\"true\" tabindex=\"-1\" target=\"_blank\" rel=\"noreferrer noopener\"><\/a><\/div><\/div>\n<\/div><\/div>\n\n\n\n<div class=\"wp-block-stackable-columns stk-block-columns stk-block stk-2f9f3c6\" data-block-id=\"2f9f3c6\"><div class=\"stk-row stk-inner-blocks stk-block-content stk-content-align stk-2f9f3c6-column\">\n<div class=\"wp-block-stackable-column stk-block-column stk-column stk-block stk-913f10f\" data-v=\"4\" data-block-id=\"913f10f\"><style>.stk-913f10f:hover{transform:translateY(-5px) !important;}<\/style><div class=\"stk-column-wrapper stk-block-column__content stk-container stk-913f10f-container stk--no-background stk--no-padding\"><div class=\"stk-block-content stk-inner-blocks stk-913f10f-inner-blocks\">\n<div class=\"wp-block-group bloc-infos-pratiques has-background has-global-padding is-layout-constrained wp-container-core-group-is-layout-c563114c wp-block-group-is-layout-constrained\" style=\"border-radius:10px;background-color:#dfdfdf;min-height:0px;margin-top:0;margin-bottom:0;padding-top:var(--wp--preset--spacing--20);padding-right:0;padding-bottom:var(--wp--preset--spacing--20);padding-left:0\" data-block-type=\"core\">\n<div class=\"wp-block-stackable-image stk-block-image stk-block stk-d1f534c\" data-block-id=\"d1f534c\"><style>.stk-d1f534c {overflow:hidden !important;margin-bottom:0px !important;}.stk-d1f534c .stk-img-wrapper{height:46px !important;}.stk-d1f534c .stk-img-wrapper img{object-fit:contain !important;}<\/style><figure><span class=\"stk-img-wrapper stk-image--shape-stretch\"><img loading=\"lazy\" decoding=\"async\" class=\"stk-img wp-image-243\" src=\"https:\/\/lapareechalons.fr\/wp-content\/uploads\/2024\/03\/download.png\" width=\"61\" height=\"46\"\/><\/span><\/figure><\/div>\n\n\n\n<p class=\"has-text-align-center has-small-font-size\" style=\"margin-right:0;margin-left:0\" data-block-type=\"core\">Tarieven voor 2026<\/p>\n<\/div>\n<\/div><a class=\"stk-link stk-block-link stk--transparent-overlay\" href=\"https:\/\/lapareechalons.fr\/wp-content\/uploads\/2026\/01\/Tarifs-2026.pdf\" aria-hidden=\"true\" tabindex=\"-1\" target=\"_blank\" rel=\"noreferrer noopener\"><\/a><\/div><\/div>\n<\/div><\/div>\n<\/div><\/div><\/div>\n\n\n\n<div class=\"wp-block-stackable-column stk-block-column stk-column stk-block stk-f491068\" data-v=\"4\" data-block-id=\"f491068\"><style>.stk-f491068-inner-blocks{row-gap:24px !important;}<\/style><div class=\"stk-column-wrapper stk-block-column__content stk-container stk-f491068-container stk--no-background stk--no-padding\"><div class=\"stk-block-content stk-inner-blocks stk-f491068-inner-blocks\">\n<div class=\"wp-block-stackable-columns stk-block-columns stk-block stk-4868a3a\" data-block-id=\"4868a3a\"><div class=\"stk-row stk-inner-blocks stk-block-content stk-content-align stk-4868a3a-column\">\n<div class=\"wp-block-stackable-column stk-block-column stk-column stk-block stk-c89e428\" data-v=\"4\" data-block-id=\"c89e428\"><style>.stk-c89e428:hover{transform:translateY(-5px) !important;}<\/style><div class=\"stk-column-wrapper stk-block-column__content stk-container stk-c89e428-container stk--no-background stk--no-padding\"><div class=\"stk-block-content stk-inner-blocks stk-c89e428-inner-blocks\">\n<div class=\"wp-block-group bloc-infos-pratiques has-background has-global-padding is-layout-constrained wp-container-core-group-is-layout-c563114c wp-block-group-is-layout-constrained\" style=\"border-radius:10px;background-color:#dfdfdf;min-height:0px;margin-top:0;margin-bottom:0;padding-top:var(--wp--preset--spacing--20);padding-right:0;padding-bottom:var(--wp--preset--spacing--20);padding-left:0\" data-block-type=\"core\">\n<div class=\"wp-block-stackable-image stk-block-image stk-block stk-716e728\" data-block-id=\"716e728\"><style>.stk-716e728 {overflow:hidden !important;margin-bottom:0px !important;}.stk-716e728 .stk-img-wrapper{height:46px !important;}.stk-716e728 .stk-img-wrapper img{object-fit:contain !important;}<\/style><figure><span class=\"stk-img-wrapper stk-image--shape-stretch\"><img loading=\"lazy\" decoding=\"async\" class=\"stk-img wp-image-243\" src=\"https:\/\/lapareechalons.fr\/wp-content\/uploads\/2024\/03\/download.png\" width=\"61\" height=\"46\"\/><\/span><\/figure><\/div>\n\n\n\n<p class=\"has-text-align-center has-small-font-size\" style=\"margin-right:0;margin-left:0\" data-block-type=\"core\">Dagtocht naar Notre Dame de Monts<\/p>\n<\/div>\n<\/div><a class=\"stk-link stk-block-link stk--transparent-overlay\" href=\"https:\/\/paysdesaintjeandemonts.fr\/content\/uploads\/2023\/07\/Ma-journee-a-NDDM.pdf\" aria-hidden=\"true\" tabindex=\"-1\" target=\"_blank\" rel=\"noreferrer noopener\"><\/a><\/div><\/div>\n<\/div><\/div>\n<\/div><\/div><\/div>\n<\/div><\/div>\n<\/div><\/div><\/div>\n<\/div><\/div>\n\n\n\n<div class=\"wp-block-stackable-image stk-block-image stk-block stk-536a721\" data-block-id=\"536a721\"><style>.stk-536a721 {margin-top:30px !important;}.stk-536a721 .stk-img-wrapper{width:100px !important;}<\/style><figure><span class=\"stk-img-wrapper stk-image--shape-stretch\"><img loading=\"lazy\" decoding=\"async\" class=\"stk-img wp-image-554\" src=\"https:\/\/lapareechalons.fr\/wp-content\/uploads\/2024\/03\/bulle-deco.png\" width=\"252\" height=\"153\" alt=\"bubble deco camping Vend\u00e9e\"\/><\/span><\/figure><\/div>\n","protected":false},"excerpt":{"rendered":"<p>Documenten om te downloaden Plattegrond van decamping Algemeneverkoopvoorwaarden Notre Dame de Monts Tarieven voor 2026 Dagtocht naar Notre Dame de Monts<\/p>\n","protected":false},"author":1,"featured_media":1236,"parent":0,"menu_order":0,"comment_status":"closed","ping_status":"closed","template":"","meta":{"_acf_changed":false,"_seopress_robots_primary_cat":"","_seopress_titles_title":"Camping downloads | Par\u00e9e Chalons Vend\u00e9e","_seopress_titles_desc":"Download alle documenten. Vakantie op een 2-sterrencamping aan het strand in de Vend\u00e9e.","_seopress_robots_index":"","_vp_format_video_url":"","_vp_image_focal_point":[],"footnotes":""},"class_list":["post-1223","page","type-page","status-publish","has-post-thumbnail","hentry"],"acf":[],"_links":{"self":[{"href":"https:\/\/lapareechalons.fr\/nl\/wp-json\/wp\/v2\/pages\/1223","targetHints":{"allow":["GET"]}}],"collection":[{"href":"https:\/\/lapareechalons.fr\/nl\/wp-json\/wp\/v2\/pages"}],"about":[{"href":"https:\/\/lapareechalons.fr\/nl\/wp-json\/wp\/v2\/types\/page"}],"author":[{"embeddable":true,"href":"https:\/\/lapareechalons.fr\/nl\/wp-json\/wp\/v2\/users\/1"}],"replies":[{"embeddable":true,"href":"https:\/\/lapareechalons.fr\/nl\/wp-json\/wp\/v2\/comments?post=1223"}],"version-history":[{"count":9,"href":"https:\/\/lapareechalons.fr\/nl\/wp-json\/wp\/v2\/pages\/1223\/revisions"}],"predecessor-version":[{"id":1986,"href":"https:\/\/lapareechalons.fr\/nl\/wp-json\/wp\/v2\/pages\/1223\/revisions\/1986"}],"wp:featuredmedia":[{"embeddable":true,"href":"https:\/\/lapareechalons.fr\/nl\/wp-json\/wp\/v2\/media\/1236"}],"wp:attachment":[{"href":"https:\/\/lapareechalons.fr\/nl\/wp-json\/wp\/v2\/media?parent=1223"}],"curies":[{"name":"wp","href":"https:\/\/api.w.org\/{rel}","templated":true}]}}