{"id":1220,"date":"2024-03-21T10:03:02","date_gmt":"2024-03-21T10:03:02","guid":{"rendered":"https:\/\/lapareechalons.fr\/leisure-activities-in-vendee\/"},"modified":"2026-01-14T11:37:30","modified_gmt":"2026-01-14T10:37:30","slug":"leisure-activities-in-vendee","status":"publish","type":"page","link":"https:\/\/lapareechalons.fr\/en\/leisure-activities-in-vendee\/","title":{"rendered":"Leisure activities in Vend\u00e9e"},"content":{"rendered":"\n<p data-block-type=\"core\">There&#8217;s plenty to do around your <a href=\"\/\">La Par\u00e9e Chalons campsite<\/a>, because there&#8217;s no limit to what you can do in the <a href=\"https:\/\/lapareechalons.fr\/#a-decouvrir\">Vend\u00e9e<\/a>.<\/p>\n\n<div class=\"wp-block-stackable-feature alignfull stk-block-feature stk-has-top-separator stk-block stk-eaf76ab stk-block-background stk-entrance is-style-default\" data-v=\"2\" data-block-id=\"eaf76ab\"><style>.stk-eaf76ab{background-color:#32363f !important;margin-bottom:0px !important;--entrance-transform:translateY(10px) !important}.stk-eaf76ab:before{background-color:#32363f !important}.stk-eaf76ab > .stk-separator__top{transform:scaleX(-1) scaleY(-1) !important}.stk-eaf76ab > .stk-separator__top .stk-separator__wrapper{height:400px !important}.stk-eaf76ab-column{--stk-column-gap:50px !important}@media screen and (max-width:767px){.stk-eaf76ab{--stk-col-order-1:2 !important;--stk-col-order-2:1 !important}}<\/style><div class=\"stk-separator stk-separator__top\"><div class=\"stk-separator__wrapper\"><svg xmlns=\"http:\/\/www.w3.org\/2000\/svg\" viewBox=\"0 0 1600 200\" class=\"stk-separator__layer-1\" preserveAspectRatio=\"none\" aria-hidden=\"true\"><path class=\"slant-1_svg__st2\" d=\"M-10 210h1620V.5L-10 183.9z\"><\/path><\/svg><\/div><\/div><div class=\"stk-content-align stk-eaf76ab-column alignwide stk-container stk-eaf76ab-container stk--no-background stk--no-padding\"><div class=\"stk-inner-blocks stk-block-content stk-row\">\n<div class=\"wp-block-stackable-column stk-block-column stk-column stk-block stk-a48d082\" data-v=\"4\" data-block-id=\"a48d082\"><style>.stk-a48d082{align-self:center !important;margin-top:-90px !important}.stk-a48d082-inner-blocks{flex-wrap:wrap !important}@media screen and (min-width:768px) and (max-width:1023px){.stk-a48d082{flex:var(--stk-flex-grow,1) 1 calc(100% - var(--stk-column-gap,0px) * 0 \/ 1 ) !important}}<\/style><div class=\"stk-column-wrapper stk-block-column__content stk-container stk-a48d082-container stk--no-background stk--no-padding\"><div class=\"stk--block-horizontal-flex stk-block-content stk-inner-blocks stk-a48d082-inner-blocks\">\n<div class=\"wp-block-stackable-image stk-block-image stk-block stk-306d2bc\" data-block-id=\"306d2bc\"><style>.stk-306d2bc .stk-img-wrapper{width:630px !important;height:449px !important;filter:drop-shadow(-8px -10px 11px #0000004d) !important}.stk-306d2bc .stk-img-wrapper img{object-position:53% 31% !important}@media screen and (max-width:767px){.stk-306d2bc .stk-img-wrapper{width:100% !important}}<\/style><figure><span class=\"stk-img-wrapper stk-image--shape-stretch stk--shadow--8px -10px 11px #0000004d\"><img loading=\"lazy\" decoding=\"async\" class=\"stk-img wp-image-730\" src=\"https:\/\/lapareechalons.fr\/wp-content\/uploads\/2024\/03\/11-Les-Vikings-Arthur-Aumond-Puy-du-Fou.jpg\" width=\"1000\" height=\"667\" alt=\"the puy du fou park near the campsite in Vend&#xE9;e\" srcset=\"https:\/\/lapareechalons.fr\/wp-content\/uploads\/2024\/03\/11-Les-Vikings-Arthur-Aumond-Puy-du-Fou.jpg 1000w, https:\/\/lapareechalons.fr\/wp-content\/uploads\/2024\/03\/11-Les-Vikings-Arthur-Aumond-Puy-du-Fou-300x200.jpg 300w, https:\/\/lapareechalons.fr\/wp-content\/uploads\/2024\/03\/11-Les-Vikings-Arthur-Aumond-Puy-du-Fou-768x512.jpg 768w, https:\/\/lapareechalons.fr\/wp-content\/uploads\/2024\/03\/11-Les-Vikings-Arthur-Aumond-Puy-du-Fou-500x334.jpg 500w, https:\/\/lapareechalons.fr\/wp-content\/uploads\/2024\/03\/11-Les-Vikings-Arthur-Aumond-Puy-du-Fou-800x534.jpg 800w\" sizes=\"auto, (max-width: 1000px) 100vw, 1000px\" \/><\/span><\/figure><\/div>\n<\/div><\/div><\/div>\n\n\n\n<div class=\"wp-block-stackable-column stk-block-column stk-column stk-block stk-81c0777\" data-v=\"4\" data-block-id=\"81c0777\"><style>.stk-81c0777{align-self:center !important}@media screen and (min-width:768px) and (max-width:1023px){.stk-81c0777{flex:var(--stk-flex-grow,1) 1 calc(100% - var(--stk-column-gap,0px) * 0 \/ 1 ) !important}}<\/style><div class=\"stk-column-wrapper stk-block-column__content stk-container stk-81c0777-container stk--no-background stk--no-padding\"><div class=\"stk-block-content stk-inner-blocks stk-81c0777-inner-blocks\">\n<div class=\"wp-block-stackable-heading stk-block-heading stk-block-heading--v2 stk-block stk-db434ee\" id=\"le-puy-du-fou\" data-block-id=\"db434ee\"><style>.stk-db434ee .stk-block-heading__text{color:#ffffff !important}<\/style><h2 class=\"stk-block-heading__text has-text-color\">Le puy du Fou<\/h2><\/div>\n\n\n\n<p class=\"has-base-2-color has-text-color has-link-color wp-elements-d3bb0cfc2cdf9d3d832685c228ed89c8\" data-block-type=\"core\">The grand Parc du Puy du Fou is a site not to be missed if you want to feast your eyes on a journey through time&#8230;<\/p>\n<\/div><\/div><\/div>\n<\/div><\/div><\/div>\n\n<div class=\"wp-block-stackable-columns stk-block-columns stk-block stk-dc4fdfb stk-entrance\" data-block-id=\"dc4fdfb\"><style>.stk-dc4fdfb .stk--block-align-dc4fdfb{align-items:center !important}.stk-dc4fdfb{margin-top:5% !important;margin-bottom:0% !important;--entrance-transform:translateY(10px) !important}<\/style><div class=\"stk-row stk-inner-blocks stk--block-align-dc4fdfb stk-block-content stk-content-align stk-dc4fdfb-column\">\n<div class=\"wp-block-stackable-column stk-block-column stk-column stk-block stk-bef3c47\" data-v=\"4\" data-block-id=\"bef3c47\"><div class=\"stk-column-wrapper stk-block-column__content stk-container stk-bef3c47-container stk--no-background stk--no-padding\"><div class=\"stk-block-content stk-inner-blocks stk-bef3c47-inner-blocks\">\n<div class=\"wp-block-stackable-heading stk-block-heading stk-block-heading--v2 stk-block stk-b103954\" id=\"les-parcs-aquatique-pres-du-camping-en-vendee\" data-block-id=\"b103954\"><style>.stk-b103954 .stk-block-heading__text{color:#111111 !important}<\/style><h2 class=\"stk-block-heading__text has-text-color has-text-align-right\">Water parks near the campsite in Vend\u00e9e<\/h2><\/div>\n\n\n\n<p class=\"has-text-align-right\" data-block-type=\"core\">O&#8217;gliss park and Atlantic tobogan are other water parks brimming with surprises to keep you cool during your stay.<\/p>\n<\/div><\/div><\/div>\n\n\n\n<div class=\"wp-block-stackable-column stk-block-column stk-column stk-block stk-fddd52e\" data-v=\"4\" data-block-id=\"fddd52e\"><div class=\"stk-column-wrapper stk-block-column__content stk-container stk-fddd52e-container stk--no-background stk--no-padding\"><div class=\"stk-block-content stk-inner-blocks stk-fddd52e-inner-blocks\">\n<div class=\"wp-block-stackable-image stk-block-image stk-block stk-1c78a3f\" data-block-id=\"1c78a3f\"><style>.stk-1c78a3f .stk-img-wrapper{width:700px !important;height:449px !important;filter:drop-shadow(9px -10px 11px #0000004d) !important}.stk-1c78a3f .stk-img-wrapper img{object-position:53% 31% !important}@media screen and (max-width:767px){.stk-1c78a3f .stk-img-wrapper{width:100% !important}}<\/style><figure><span class=\"stk-img-wrapper stk-image--shape-stretch stk--shadow-9px -10px 11px #0000004d\"><img loading=\"lazy\" decoding=\"async\" class=\"stk-img wp-image-732\" src=\"https:\/\/lapareechalons.fr\/wp-content\/uploads\/2024\/03\/aquatower_ludopark_ogliss_park.jpg\" width=\"1280\" height=\"720\" alt=\"water park near the campsite in Vend&#xE9;e\" srcset=\"https:\/\/lapareechalons.fr\/wp-content\/uploads\/2024\/03\/aquatower_ludopark_ogliss_park.jpg 1280w, https:\/\/lapareechalons.fr\/wp-content\/uploads\/2024\/03\/aquatower_ludopark_ogliss_park-300x169.jpg 300w, https:\/\/lapareechalons.fr\/wp-content\/uploads\/2024\/03\/aquatower_ludopark_ogliss_park-1024x576.jpg 1024w, https:\/\/lapareechalons.fr\/wp-content\/uploads\/2024\/03\/aquatower_ludopark_ogliss_park-768x432.jpg 768w, https:\/\/lapareechalons.fr\/wp-content\/uploads\/2024\/03\/aquatower_ludopark_ogliss_park-500x281.jpg 500w, https:\/\/lapareechalons.fr\/wp-content\/uploads\/2024\/03\/aquatower_ludopark_ogliss_park-800x450.jpg 800w\" sizes=\"auto, (max-width: 1280px) 100vw, 1280px\" \/><\/span><\/figure><\/div>\n<\/div><\/div><\/div>\n<\/div><\/div>\n\n<div class=\"wp-block-stackable-feature alignfull stk-block-feature stk-has-top-separator stk-block stk-1bc64f3 stk-block-background stk-entrance is-style-default\" data-v=\"2\" data-block-id=\"1bc64f3\"><style>.stk-1bc64f3{background-color:#32363f !important;margin-bottom:20px !important;--entrance-transform:translateY(10px) !important}.stk-1bc64f3:before{background-color:#32363f !important}.stk-1bc64f3 > .stk-separator__top{transform:scaleX(-1) scaleY(-1) !important}.stk-1bc64f3 > .stk-separator__top .stk-separator__wrapper{height:400px !important}.stk-1bc64f3-column{--stk-column-gap:50px !important}@media screen and (max-width:767px){.stk-1bc64f3{--stk-col-order-1:2 !important;--stk-col-order-2:1 !important}}<\/style><div class=\"stk-separator stk-separator__top\"><div class=\"stk-separator__wrapper\"><svg xmlns=\"http:\/\/www.w3.org\/2000\/svg\" viewBox=\"0 0 1600 200\" class=\"stk-separator__layer-1\" preserveAspectRatio=\"none\" aria-hidden=\"true\"><path class=\"slant-1_svg__st2\" d=\"M-10 210h1620V.5L-10 183.9z\"><\/path><\/svg><\/div><\/div><div class=\"stk-content-align stk-1bc64f3-column alignwide stk-container stk-1bc64f3-container stk--no-background stk--no-padding\"><div class=\"stk-inner-blocks stk-block-content stk-row\">\n<div class=\"wp-block-stackable-column stk-block-column stk-column stk-block stk-d9fded9\" data-v=\"4\" data-block-id=\"d9fded9\"><style>.stk-d9fded9{align-self:center !important}.stk-d9fded9-inner-blocks{flex-wrap:wrap !important}@media screen and (min-width:768px) and (max-width:1023px){.stk-d9fded9{flex:var(--stk-flex-grow,1) 1 calc(100% - var(--stk-column-gap,0px) * 0 \/ 1 ) !important}}<\/style><div class=\"stk-column-wrapper stk-block-column__content stk-container stk-d9fded9-container stk--no-background stk--no-padding\"><div class=\"stk--block-horizontal-flex stk-block-content stk-inner-blocks stk-d9fded9-inner-blocks\">\n<div class=\"wp-block-stackable-image stk-block-image stk-block stk-2bbddec\" data-block-id=\"2bbddec\"><style>.stk-2bbddec{margin-top:-90px !important}.stk-2bbddec .stk-img-wrapper{width:630px !important;height:449px !important;filter:drop-shadow(-8px -10px 11px #0000004d) !important}.stk-2bbddec .stk-img-wrapper img{object-position:53% 31% !important}@media screen and (max-width:767px){.stk-2bbddec .stk-img-wrapper{width:100% !important}}<\/style><figure><span class=\"stk-img-wrapper stk-image--shape-stretch stk--shadow--8px -10px 11px #0000004d\"><img loading=\"lazy\" decoding=\"async\" class=\"stk-img wp-image-734\" src=\"https:\/\/lapareechalons.fr\/wp-content\/uploads\/2024\/03\/eco-musee-du-daviaud-IMG_4414.jpg\" width=\"1000\" height=\"667\" alt=\"Le Daviaud museum in Vend&#xE9;e\" srcset=\"https:\/\/lapareechalons.fr\/wp-content\/uploads\/2024\/03\/eco-musee-du-daviaud-IMG_4414.jpg 1000w, https:\/\/lapareechalons.fr\/wp-content\/uploads\/2024\/03\/eco-musee-du-daviaud-IMG_4414-300x200.jpg 300w, https:\/\/lapareechalons.fr\/wp-content\/uploads\/2024\/03\/eco-musee-du-daviaud-IMG_4414-768x512.jpg 768w, https:\/\/lapareechalons.fr\/wp-content\/uploads\/2024\/03\/eco-musee-du-daviaud-IMG_4414-500x334.jpg 500w, https:\/\/lapareechalons.fr\/wp-content\/uploads\/2024\/03\/eco-musee-du-daviaud-IMG_4414-800x534.jpg 800w\" sizes=\"auto, (max-width: 1000px) 100vw, 1000px\" \/><\/span><\/figure><\/div>\n<\/div><\/div><\/div>\n\n\n\n<div class=\"wp-block-stackable-column stk-block-column stk-column stk-block stk-d21a360\" data-v=\"4\" data-block-id=\"d21a360\"><style>.stk-d21a360{align-self:center !important}@media screen and (min-width:768px) and (max-width:1023px){.stk-d21a360{flex:var(--stk-flex-grow,1) 1 calc(100% - var(--stk-column-gap,0px) * 0 \/ 1 ) !important}}<\/style><div class=\"stk-column-wrapper stk-block-column__content stk-container stk-d21a360-container stk--no-background stk--no-padding\"><div class=\"stk-block-content stk-inner-blocks stk-d21a360-inner-blocks\">\n<div class=\"wp-block-stackable-heading stk-block-heading stk-block-heading--v2 stk-block stk-5050fb3\" id=\"les-musees\" data-block-id=\"5050fb3\"><style>.stk-5050fb3 .stk-block-heading__text{color:#ffffff !important}<\/style><h2 class=\"stk-block-heading__text has-text-color\">The museums<\/h2><\/div>\n\n\n\n<div class=\"wp-block-stackable-text stk-block-text stk-block stk-49f0a27\" id=\"une-ptite-faim\" data-block-id=\"49f0a27\"><style>.stk-49f0a27 .stk-block-text__text{color:#ffffff !important}<\/style><p class=\"stk-block-text__text has-text-color has-white-color\">Museums such as Charles Milcendeau, Daviaud or the M\u00e9morial des Lucs sur Boulogne will satisfy your thirst for culture and knowledge.<\/p><\/div>\n<\/div><\/div><\/div>\n<\/div><\/div><\/div>\n\n<div class=\"wp-block-stackable-columns stk-block-columns stk-block stk-608b316 stk-entrance\" data-block-id=\"608b316\"><style>.stk-608b316 .stk--block-align-608b316{align-items:center !important}.stk-608b316{margin-top:5% !important;margin-bottom:3% !important;--entrance-transform:translateY(10px) !important}<\/style><div class=\"stk-row stk-inner-blocks stk--block-align-608b316 stk-block-content stk-content-align stk-608b316-column\">\n<div class=\"wp-block-stackable-column stk-block-column stk-column stk-block stk-201cc1d\" data-v=\"4\" data-block-id=\"201cc1d\"><div class=\"stk-column-wrapper stk-block-column__content stk-container stk-201cc1d-container stk--no-background stk--no-padding\"><div class=\"stk-block-content stk-inner-blocks stk-201cc1d-inner-blocks\">\n<div class=\"wp-block-stackable-heading stk-block-heading stk-block-heading--v2 stk-block stk-be1bb81\" id=\"les-moulins-de-vendee\" data-block-id=\"be1bb81\"><style>.stk-be1bb81 .stk-block-heading__text{color:#111111 !important}<\/style><h2 class=\"stk-block-heading__text has-text-color has-text-align-right\">Windmills in the Vend\u00e9e<\/h2><\/div>\n\n\n\n<p class=\"has-text-align-right\" data-block-type=\"core\">The mills of the Vend\u00e9e will tell you the fabulous stories of the past and the current know-how to keep them in operation&#8230;<\/p>\n<\/div><\/div><\/div>\n\n\n\n<div class=\"wp-block-stackable-column stk-block-column stk-column stk-block stk-03d1d31\" data-v=\"4\" data-block-id=\"03d1d31\"><div class=\"stk-column-wrapper stk-block-column__content stk-container stk-03d1d31-container stk--no-background stk--no-padding\"><div class=\"stk-block-content stk-inner-blocks stk-03d1d31-inner-blocks\">\n<div class=\"wp-block-stackable-image stk-block-image stk-block stk-4a58d90\" data-block-id=\"4a58d90\"><style>.stk-4a58d90 .stk-img-wrapper{width:700px !important;height:449px !important;filter:drop-shadow(9px -10px 11px #0000004d) !important}.stk-4a58d90 .stk-img-wrapper img{object-position:53% 31% !important}@media screen and (max-width:767px){.stk-4a58d90 .stk-img-wrapper{width:100% !important}}<\/style><figure><span class=\"stk-img-wrapper stk-image--shape-stretch stk--shadow-9px -10px 11px #0000004d\"><img loading=\"lazy\" decoding=\"async\" class=\"stk-img wp-image-736\" src=\"https:\/\/lapareechalons.fr\/wp-content\/uploads\/2024\/03\/IMG_5584.jpg\" width=\"1000\" height=\"667\" alt=\"Vend&#xE9;e mills  \" srcset=\"https:\/\/lapareechalons.fr\/wp-content\/uploads\/2024\/03\/IMG_5584.jpg 1000w, https:\/\/lapareechalons.fr\/wp-content\/uploads\/2024\/03\/IMG_5584-300x200.jpg 300w, https:\/\/lapareechalons.fr\/wp-content\/uploads\/2024\/03\/IMG_5584-768x512.jpg 768w, https:\/\/lapareechalons.fr\/wp-content\/uploads\/2024\/03\/IMG_5584-500x334.jpg 500w, https:\/\/lapareechalons.fr\/wp-content\/uploads\/2024\/03\/IMG_5584-800x534.jpg 800w\" sizes=\"auto, (max-width: 1000px) 100vw, 1000px\" \/><\/span><\/figure><\/div>\n<\/div><\/div><\/div>\n<\/div><\/div>\n\n<div class=\"wp-block-stackable-image stk-block-image stk-block stk-536a721 stk-entrance\" data-block-id=\"536a721\"><style>.stk-536a721{--entrance-transform:translateY(10px) !important}.stk-536a721 .stk-img-wrapper{width:100px !important}<\/style><figure><span class=\"stk-img-wrapper stk-image--shape-stretch\"><img loading=\"lazy\" decoding=\"async\" class=\"stk-img wp-image-554\" src=\"https:\/\/lapareechalons.fr\/wp-content\/uploads\/2024\/03\/bulle-deco.png\" width=\"252\" height=\"153\" alt=\"bubble deco camping Vend&#xE9;e\"\/><\/span><\/figure><\/div>\n","protected":false},"excerpt":{"rendered":"<p>There&#8217;s plenty to do around your La Par\u00e9e Chalons campsite, because there&#8217;s no limit to what you can do in the Vend\u00e9e. Le puy du Fou The grand Parc du Puy du Fou is a site not to be missed if you want to feast your eyes on a journey through time&#8230; Water parks near [&hellip;]<\/p>\n","protected":false},"author":1,"featured_media":773,"parent":0,"menu_order":0,"comment_status":"closed","ping_status":"closed","template":"","meta":{"_acf_changed":false,"_seopress_robots_primary_cat":"","_seopress_titles_title":"Leisure activities near the campsite ** in Vend\u00e9e","_seopress_titles_desc":"During your stay at camping La Par\u00e9e Chalons, take the opportunity to discover the Vend\u00e9e's leisure parks and museums.","_seopress_robots_index":"","_vp_format_video_url":"","_vp_image_focal_point":[],"footnotes":""},"class_list":["post-1220","page","type-page","status-publish","has-post-thumbnail","hentry"],"acf":[],"_links":{"self":[{"href":"https:\/\/lapareechalons.fr\/en\/wp-json\/wp\/v2\/pages\/1220","targetHints":{"allow":["GET"]}}],"collection":[{"href":"https:\/\/lapareechalons.fr\/en\/wp-json\/wp\/v2\/pages"}],"about":[{"href":"https:\/\/lapareechalons.fr\/en\/wp-json\/wp\/v2\/types\/page"}],"author":[{"embeddable":true,"href":"https:\/\/lapareechalons.fr\/en\/wp-json\/wp\/v2\/users\/1"}],"replies":[{"embeddable":true,"href":"https:\/\/lapareechalons.fr\/en\/wp-json\/wp\/v2\/comments?post=1220"}],"version-history":[{"count":4,"href":"https:\/\/lapareechalons.fr\/en\/wp-json\/wp\/v2\/pages\/1220\/revisions"}],"predecessor-version":[{"id":1940,"href":"https:\/\/lapareechalons.fr\/en\/wp-json\/wp\/v2\/pages\/1220\/revisions\/1940"}],"wp:featuredmedia":[{"embeddable":true,"href":"https:\/\/lapareechalons.fr\/en\/wp-json\/wp\/v2\/media\/773"}],"wp:attachment":[{"href":"https:\/\/lapareechalons.fr\/en\/wp-json\/wp\/v2\/media?parent=1220"}],"curies":[{"name":"wp","href":"https:\/\/api.w.org\/{rel}","templated":true}]}}